{"id":7369,"date":"2022-08-31T22:17:54","date_gmt":"2022-08-31T15:17:54","guid":{"rendered":"https:\/\/bimico.com.vn\/ban-dieu-hanh\/"},"modified":"2022-10-14T08:19:47","modified_gmt":"2022-10-14T01:19:47","slug":"board-of-management","status":"publish","type":"page","link":"https:\/\/ksb.vn\/en\/introduction\/board-of-management\/","title":{"rendered":"Board of Management"},"content":{"rendered":"","protected":false},"excerpt":{"rendered":"","protected":false},"author":566,"featured_media":0,"parent":7394,"menu_order":12,"comment_status":"closed","ping_status":"closed","template":"templates\/page-managers.php","meta":{"inline_featured_image":false},"acf":[],"yoast_head":"<!-- This site is optimized with the Yoast SEO plugin v20.4 - https:\/\/yoast.com\/wordpress\/plugins\/seo\/ -->\n<title>Board of Management - KSB | C\u00f4ng ty C\u1ed5 ph\u1ea7n Kho\u00e1ng s\u1ea3n v\u00e0 X\u00e2y d\u1ef1ng B\u00ecnh D\u01b0\u01a1ng<\/title>\n<meta name=\"robots\" content=\"index, follow, max-snippet:-1, max-image-preview:large, max-video-preview:-1\" \/>\n<link rel=\"canonical\" href=\"https:\/\/ksb.vn\/en\/introduction\/board-of-management\/\" \/>\n<meta property=\"og:locale\" content=\"en_US\" \/>\n<meta property=\"og:type\" content=\"article\" \/>\n<meta property=\"og:title\" content=\"Board of Management - KSB | C\u00f4ng ty C\u1ed5 ph\u1ea7n Kho\u00e1ng s\u1ea3n v\u00e0 X\u00e2y d\u1ef1ng B\u00ecnh D\u01b0\u01a1ng\" \/>\n<meta property=\"og:url\" content=\"https:\/\/ksb.vn\/en\/introduction\/board-of-management\/\" \/>\n<meta property=\"og:site_name\" content=\"KSB | C\u00f4ng ty C\u1ed5 ph\u1ea7n Kho\u00e1ng s\u1ea3n v\u00e0 X\u00e2y d\u1ef1ng B\u00ecnh D\u01b0\u01a1ng\" \/>\n<meta property=\"article:modified_time\" content=\"2022-10-14T01:19:47+00:00\" \/>\n<meta name=\"twitter:card\" content=\"summary_large_image\" \/>\n<script type=\"application\/ld+json\" class=\"yoast-schema-graph\">{\"@context\":\"https:\/\/schema.org\",\"@graph\":[{\"@type\":\"WebPage\",\"@id\":\"https:\/\/ksb.vn\/en\/introduction\/board-of-management\/\",\"url\":\"https:\/\/ksb.vn\/en\/introduction\/board-of-management\/\",\"name\":\"Board of Management - KSB | C\u00f4ng ty C\u1ed5 ph\u1ea7n Kho\u00e1ng s\u1ea3n v\u00e0 X\u00e2y d\u1ef1ng B\u00ecnh D\u01b0\u01a1ng\",\"isPartOf\":{\"@id\":\"https:\/\/ksb.vn\/en\/#website\"},\"datePublished\":\"2022-08-31T15:17:54+00:00\",\"dateModified\":\"2022-10-14T01:19:47+00:00\",\"breadcrumb\":{\"@id\":\"https:\/\/ksb.vn\/en\/introduction\/board-of-management\/#breadcrumb\"},\"inLanguage\":\"en-US\",\"potentialAction\":[{\"@type\":\"ReadAction\",\"target\":[\"https:\/\/ksb.vn\/en\/introduction\/board-of-management\/\"]}]},{\"@type\":\"BreadcrumbList\",\"@id\":\"https:\/\/ksb.vn\/en\/introduction\/board-of-management\/#breadcrumb\",\"itemListElement\":[{\"@type\":\"ListItem\",\"position\":1,\"name\":\"Home\",\"item\":\"https:\/\/ksb.vn\/en\/\"},{\"@type\":\"ListItem\",\"position\":2,\"name\":\"Introduction\",\"item\":\"https:\/\/ksb.vn\/en\/introduction\/\"},{\"@type\":\"ListItem\",\"position\":3,\"name\":\"Board of Management\"}]},{\"@type\":\"WebSite\",\"@id\":\"https:\/\/ksb.vn\/en\/#website\",\"url\":\"https:\/\/ksb.vn\/en\/\",\"name\":\"KSB | C\u00f4ng ty C\u1ed5 ph\u1ea7n Kho\u00e1ng s\u1ea3n v\u00e0 X\u00e2y d\u1ef1ng B\u00ecnh D\u01b0\u01a1ng\",\"description\":\"Nh\u00e0 cung c\u1ea5p \u0111\u00e1 x\u00e2y d\u1ef1ng h\u00e0ng \u0111\u1ea7u \u0110\u00f4ng Nam B\u1ed9\",\"publisher\":{\"@id\":\"https:\/\/ksb.vn\/en\/#organization\"},\"potentialAction\":[{\"@type\":\"SearchAction\",\"target\":{\"@type\":\"EntryPoint\",\"urlTemplate\":\"https:\/\/ksb.vn\/en\/?s={search_term_string}\"},\"query-input\":\"required name=search_term_string\"}],\"inLanguage\":\"en-US\"},{\"@type\":\"Organization\",\"@id\":\"https:\/\/ksb.vn\/en\/#organization\",\"name\":\"KSB | C\u00f4ng ty C\u1ed5 ph\u1ea7n Kho\u00e1ng s\u1ea3n v\u00e0 X\u00e2y d\u1ef1ng B\u00ecnh D\u01b0\u01a1ng\",\"url\":\"https:\/\/ksb.vn\/en\/\",\"logo\":{\"@type\":\"ImageObject\",\"inLanguage\":\"en-US\",\"@id\":\"https:\/\/ksb.vn\/en\/#\/schema\/logo\/image\/\",\"url\":\"https:\/\/ksb.vn\/wp-content\/uploads\/2025\/05\/cropped-bimico-logo-2025.png?wsr\",\"contentUrl\":\"https:\/\/ksb.vn\/wp-content\/uploads\/2025\/05\/cropped-bimico-logo-2025.png?wsr\",\"width\":418,\"height\":238,\"caption\":\"KSB | C\u00f4ng ty C\u1ed5 ph\u1ea7n Kho\u00e1ng s\u1ea3n v\u00e0 X\u00e2y d\u1ef1ng B\u00ecnh D\u01b0\u01a1ng\"},\"image\":{\"@id\":\"https:\/\/ksb.vn\/en\/#\/schema\/logo\/image\/\"}}]}<\/script>\n<!-- \/ Yoast SEO plugin. -->","yoast_head_json":{"title":"Board of Management - KSB | C\u00f4ng ty C\u1ed5 ph\u1ea7n Kho\u00e1ng s\u1ea3n v\u00e0 X\u00e2y d\u1ef1ng B\u00ecnh D\u01b0\u01a1ng","robots":{"index":"index","follow":"follow","max-snippet":"max-snippet:-1","max-image-preview":"max-image-preview:large","max-video-preview":"max-video-preview:-1"},"canonical":"https:\/\/ksb.vn\/en\/introduction\/board-of-management\/","og_locale":"en_US","og_type":"article","og_title":"Board of Management - KSB | C\u00f4ng ty C\u1ed5 ph\u1ea7n Kho\u00e1ng s\u1ea3n v\u00e0 X\u00e2y d\u1ef1ng B\u00ecnh D\u01b0\u01a1ng","og_url":"https:\/\/ksb.vn\/en\/introduction\/board-of-management\/","og_site_name":"KSB | C\u00f4ng ty C\u1ed5 ph\u1ea7n Kho\u00e1ng s\u1ea3n v\u00e0 X\u00e2y d\u1ef1ng B\u00ecnh D\u01b0\u01a1ng","article_modified_time":"2022-10-14T01:19:47+00:00","twitter_card":"summary_large_image","schema":{"@context":"https:\/\/schema.org","@graph":[{"@type":"WebPage","@id":"https:\/\/ksb.vn\/en\/introduction\/board-of-management\/","url":"https:\/\/ksb.vn\/en\/introduction\/board-of-management\/","name":"Board of Management - KSB | C\u00f4ng ty C\u1ed5 ph\u1ea7n Kho\u00e1ng s\u1ea3n v\u00e0 X\u00e2y d\u1ef1ng B\u00ecnh D\u01b0\u01a1ng","isPartOf":{"@id":"https:\/\/ksb.vn\/en\/#website"},"datePublished":"2022-08-31T15:17:54+00:00","dateModified":"2022-10-14T01:19:47+00:00","breadcrumb":{"@id":"https:\/\/ksb.vn\/en\/introduction\/board-of-management\/#breadcrumb"},"inLanguage":"en-US","potentialAction":[{"@type":"ReadAction","target":["https:\/\/ksb.vn\/en\/introduction\/board-of-management\/"]}]},{"@type":"BreadcrumbList","@id":"https:\/\/ksb.vn\/en\/introduction\/board-of-management\/#breadcrumb","itemListElement":[{"@type":"ListItem","position":1,"name":"Home","item":"https:\/\/ksb.vn\/en\/"},{"@type":"ListItem","position":2,"name":"Introduction","item":"https:\/\/ksb.vn\/en\/introduction\/"},{"@type":"ListItem","position":3,"name":"Board of Management"}]},{"@type":"WebSite","@id":"https:\/\/ksb.vn\/en\/#website","url":"https:\/\/ksb.vn\/en\/","name":"KSB | C\u00f4ng ty C\u1ed5 ph\u1ea7n Kho\u00e1ng s\u1ea3n v\u00e0 X\u00e2y d\u1ef1ng B\u00ecnh D\u01b0\u01a1ng","description":"Nh\u00e0 cung c\u1ea5p \u0111\u00e1 x\u00e2y d\u1ef1ng h\u00e0ng \u0111\u1ea7u \u0110\u00f4ng Nam B\u1ed9","publisher":{"@id":"https:\/\/ksb.vn\/en\/#organization"},"potentialAction":[{"@type":"SearchAction","target":{"@type":"EntryPoint","urlTemplate":"https:\/\/ksb.vn\/en\/?s={search_term_string}"},"query-input":"required name=search_term_string"}],"inLanguage":"en-US"},{"@type":"Organization","@id":"https:\/\/ksb.vn\/en\/#organization","name":"KSB | C\u00f4ng ty C\u1ed5 ph\u1ea7n Kho\u00e1ng s\u1ea3n v\u00e0 X\u00e2y d\u1ef1ng B\u00ecnh D\u01b0\u01a1ng","url":"https:\/\/ksb.vn\/en\/","logo":{"@type":"ImageObject","inLanguage":"en-US","@id":"https:\/\/ksb.vn\/en\/#\/schema\/logo\/image\/","url":"https:\/\/ksb.vn\/wp-content\/uploads\/2025\/05\/cropped-bimico-logo-2025.png?wsr","contentUrl":"https:\/\/ksb.vn\/wp-content\/uploads\/2025\/05\/cropped-bimico-logo-2025.png?wsr","width":418,"height":238,"caption":"KSB | C\u00f4ng ty C\u1ed5 ph\u1ea7n Kho\u00e1ng s\u1ea3n v\u00e0 X\u00e2y d\u1ef1ng B\u00ecnh D\u01b0\u01a1ng"},"image":{"@id":"https:\/\/ksb.vn\/en\/#\/schema\/logo\/image\/"}}]}},"_links":{"self":[{"href":"https:\/\/ksb.vn\/en\/wp-json\/wp\/v2\/pages\/7369"}],"collection":[{"href":"https:\/\/ksb.vn\/en\/wp-json\/wp\/v2\/pages"}],"about":[{"href":"https:\/\/ksb.vn\/en\/wp-json\/wp\/v2\/types\/page"}],"author":[{"embeddable":true,"href":"https:\/\/ksb.vn\/en\/wp-json\/wp\/v2\/users\/566"}],"replies":[{"embeddable":true,"href":"https:\/\/ksb.vn\/en\/wp-json\/wp\/v2\/comments?post=7369"}],"version-history":[{"count":5,"href":"https:\/\/ksb.vn\/en\/wp-json\/wp\/v2\/pages\/7369\/revisions"}],"predecessor-version":[{"id":7462,"href":"https:\/\/ksb.vn\/en\/wp-json\/wp\/v2\/pages\/7369\/revisions\/7462"}],"up":[{"embeddable":true,"href":"https:\/\/ksb.vn\/en\/wp-json\/wp\/v2\/pages\/7394"}],"wp:attachment":[{"href":"https:\/\/ksb.vn\/en\/wp-json\/wp\/v2\/media?parent=7369"}],"curies":[{"name":"wp","href":"https:\/\/api.w.org\/{rel}","templated":true}]}}