{"id":7393,"date":"2017-01-16T10:54:04","date_gmt":"2017-01-16T03:54:04","guid":{"rendered":"https:\/\/bimico.com.vn\/quan-he-co-dong\/"},"modified":"2022-12-27T13:50:46","modified_gmt":"2022-12-27T06:50:46","slug":"ir","status":"publish","type":"page","link":"https:\/\/ksb.vn\/en\/ir\/","title":{"rendered":"IR"},"content":{"rendered":"<p>Bimico lu\u00f4n \u0111\u1ed3ng h\u00e0nh c\u00f9ng c\u00e1c c\u1ed5 \u0111\u00f4ng, minh b\u1ea1ch c\u00f4ng khai th\u00f4ng tin, duy tr\u00ec v\u00e0 n\u00e2ng cao c\u00e1c k\u00eanh \u0111\u1ed1i tho\u1ea1i m\u1edf v\u1edbi c\u1ed5 \u0111\u00f4ng, t\u1ed5 ch\u1ee9c ho\u1ea1t \u0111\u1ed9ng kinh doanh an to\u00e0n, ch\u1ea5t l\u01b0\u1ee3ng v\u00e0 c\u00f3 hi\u1ec7u qu\u1ea3 tr\u00ean c\u01a1 s\u1edf c\u00e2n \u0111\u1ed1i h\u00e0i h\u00f2a l\u1ee3i \u00edch c\u1ee7a c\u1ed5 \u0111\u00f4ng.<span style=\"font-weight: 400;\">BIMICO commits to continually walk abreast with shareholders, disclosure publicity and transparency information, maintain and improve the communication to shareholders, <\/span><span style=\"font-weight: 400;\">\u00a0produce and trade safely, qualitatively, effectively on the basis of harmonious balance between the interests of shareholders<\/span><span style=\"font-weight: 400;\">.<\/span><\/p>\n","protected":false},"excerpt":{"rendered":"<p>Bimico lu\u00f4n \u0111\u1ed3ng h\u00e0nh c\u00f9ng c\u00e1c c\u1ed5 \u0111\u00f4ng, minh b\u1ea1ch c\u00f4ng khai th\u00f4ng tin, duy tr\u00ec v\u00e0 n\u00e2ng cao c\u00e1c k\u00eanh \u0111\u1ed1i tho\u1ea1i m\u1edf v\u1edbi&#8230;<\/p>\n","protected":false},"author":566,"featured_media":0,"parent":0,"menu_order":18,"comment_status":"closed","ping_status":"closed","template":"templates\/page-qhcd.php","meta":{"inline_featured_image":false},"acf":[],"yoast_head":"<!-- This site is optimized with the Yoast SEO plugin v20.4 - https:\/\/yoast.com\/wordpress\/plugins\/seo\/ -->\n<title>IR - KSB | C\u00f4ng ty C\u1ed5 ph\u1ea7n Kho\u00e1ng s\u1ea3n v\u00e0 X\u00e2y d\u1ef1ng B\u00ecnh D\u01b0\u01a1ng<\/title>\n<meta name=\"robots\" content=\"index, follow, max-snippet:-1, max-image-preview:large, max-video-preview:-1\" \/>\n<link rel=\"canonical\" href=\"https:\/\/ksb.vn\/en\/ir\/\" \/>\n<meta property=\"og:locale\" content=\"en_US\" \/>\n<meta property=\"og:type\" content=\"article\" \/>\n<meta property=\"og:title\" content=\"IR - KSB | C\u00f4ng ty C\u1ed5 ph\u1ea7n Kho\u00e1ng s\u1ea3n v\u00e0 X\u00e2y d\u1ef1ng B\u00ecnh D\u01b0\u01a1ng\" \/>\n<meta property=\"og:description\" content=\"Bimico lu\u00f4n \u0111\u1ed3ng h\u00e0nh c\u00f9ng c\u00e1c c\u1ed5 \u0111\u00f4ng, minh b\u1ea1ch c\u00f4ng khai th\u00f4ng tin, duy tr\u00ec v\u00e0 n\u00e2ng cao c\u00e1c k\u00eanh \u0111\u1ed1i tho\u1ea1i m\u1edf v\u1edbi...\" \/>\n<meta property=\"og:url\" content=\"https:\/\/ksb.vn\/en\/ir\/\" \/>\n<meta property=\"og:site_name\" content=\"KSB | C\u00f4ng ty C\u1ed5 ph\u1ea7n Kho\u00e1ng s\u1ea3n v\u00e0 X\u00e2y d\u1ef1ng B\u00ecnh D\u01b0\u01a1ng\" \/>\n<meta property=\"article:modified_time\" content=\"2022-12-27T06:50:46+00:00\" \/>\n<meta name=\"twitter:card\" content=\"summary_large_image\" \/>\n<meta name=\"twitter:label1\" content=\"Est. reading time\" \/>\n\t<meta name=\"twitter:data1\" content=\"1 minute\" \/>\n<script type=\"application\/ld+json\" class=\"yoast-schema-graph\">{\"@context\":\"https:\/\/schema.org\",\"@graph\":[{\"@type\":\"WebPage\",\"@id\":\"https:\/\/ksb.vn\/en\/ir\/\",\"url\":\"https:\/\/ksb.vn\/en\/ir\/\",\"name\":\"IR - KSB | C\u00f4ng ty C\u1ed5 ph\u1ea7n Kho\u00e1ng s\u1ea3n v\u00e0 X\u00e2y d\u1ef1ng B\u00ecnh D\u01b0\u01a1ng\",\"isPartOf\":{\"@id\":\"https:\/\/ksb.vn\/en\/#website\"},\"datePublished\":\"2017-01-16T03:54:04+00:00\",\"dateModified\":\"2022-12-27T06:50:46+00:00\",\"breadcrumb\":{\"@id\":\"https:\/\/ksb.vn\/en\/ir\/#breadcrumb\"},\"inLanguage\":\"en-US\",\"potentialAction\":[{\"@type\":\"ReadAction\",\"target\":[\"https:\/\/ksb.vn\/en\/ir\/\"]}]},{\"@type\":\"BreadcrumbList\",\"@id\":\"https:\/\/ksb.vn\/en\/ir\/#breadcrumb\",\"itemListElement\":[{\"@type\":\"ListItem\",\"position\":1,\"name\":\"Home\",\"item\":\"https:\/\/ksb.vn\/en\/\"},{\"@type\":\"ListItem\",\"position\":2,\"name\":\"IR\"}]},{\"@type\":\"WebSite\",\"@id\":\"https:\/\/ksb.vn\/en\/#website\",\"url\":\"https:\/\/ksb.vn\/en\/\",\"name\":\"KSB | C\u00f4ng ty C\u1ed5 ph\u1ea7n Kho\u00e1ng s\u1ea3n v\u00e0 X\u00e2y d\u1ef1ng B\u00ecnh D\u01b0\u01a1ng\",\"description\":\"Nh\u00e0 cung c\u1ea5p \u0111\u00e1 x\u00e2y d\u1ef1ng h\u00e0ng \u0111\u1ea7u \u0110\u00f4ng Nam B\u1ed9\",\"publisher\":{\"@id\":\"https:\/\/ksb.vn\/en\/#organization\"},\"potentialAction\":[{\"@type\":\"SearchAction\",\"target\":{\"@type\":\"EntryPoint\",\"urlTemplate\":\"https:\/\/ksb.vn\/en\/?s={search_term_string}\"},\"query-input\":\"required name=search_term_string\"}],\"inLanguage\":\"en-US\"},{\"@type\":\"Organization\",\"@id\":\"https:\/\/ksb.vn\/en\/#organization\",\"name\":\"KSB | C\u00f4ng ty C\u1ed5 ph\u1ea7n Kho\u00e1ng s\u1ea3n v\u00e0 X\u00e2y d\u1ef1ng B\u00ecnh D\u01b0\u01a1ng\",\"url\":\"https:\/\/ksb.vn\/en\/\",\"logo\":{\"@type\":\"ImageObject\",\"inLanguage\":\"en-US\",\"@id\":\"https:\/\/ksb.vn\/en\/#\/schema\/logo\/image\/\",\"url\":\"https:\/\/ksb.vn\/wp-content\/uploads\/2025\/05\/cropped-bimico-logo-2025.png?wsr\",\"contentUrl\":\"https:\/\/ksb.vn\/wp-content\/uploads\/2025\/05\/cropped-bimico-logo-2025.png?wsr\",\"width\":418,\"height\":238,\"caption\":\"KSB | C\u00f4ng ty C\u1ed5 ph\u1ea7n Kho\u00e1ng s\u1ea3n v\u00e0 X\u00e2y d\u1ef1ng B\u00ecnh D\u01b0\u01a1ng\"},\"image\":{\"@id\":\"https:\/\/ksb.vn\/en\/#\/schema\/logo\/image\/\"}}]}<\/script>\n<!-- \/ Yoast SEO plugin. -->","yoast_head_json":{"title":"IR - KSB | C\u00f4ng ty C\u1ed5 ph\u1ea7n Kho\u00e1ng s\u1ea3n v\u00e0 X\u00e2y d\u1ef1ng B\u00ecnh D\u01b0\u01a1ng","robots":{"index":"index","follow":"follow","max-snippet":"max-snippet:-1","max-image-preview":"max-image-preview:large","max-video-preview":"max-video-preview:-1"},"canonical":"https:\/\/ksb.vn\/en\/ir\/","og_locale":"en_US","og_type":"article","og_title":"IR - KSB | C\u00f4ng ty C\u1ed5 ph\u1ea7n Kho\u00e1ng s\u1ea3n v\u00e0 X\u00e2y d\u1ef1ng B\u00ecnh D\u01b0\u01a1ng","og_description":"Bimico lu\u00f4n \u0111\u1ed3ng h\u00e0nh c\u00f9ng c\u00e1c c\u1ed5 \u0111\u00f4ng, minh b\u1ea1ch c\u00f4ng khai th\u00f4ng tin, duy tr\u00ec v\u00e0 n\u00e2ng cao c\u00e1c k\u00eanh \u0111\u1ed1i tho\u1ea1i m\u1edf v\u1edbi...","og_url":"https:\/\/ksb.vn\/en\/ir\/","og_site_name":"KSB | C\u00f4ng ty C\u1ed5 ph\u1ea7n Kho\u00e1ng s\u1ea3n v\u00e0 X\u00e2y d\u1ef1ng B\u00ecnh D\u01b0\u01a1ng","article_modified_time":"2022-12-27T06:50:46+00:00","twitter_card":"summary_large_image","twitter_misc":{"Est. reading time":"1 minute"},"schema":{"@context":"https:\/\/schema.org","@graph":[{"@type":"WebPage","@id":"https:\/\/ksb.vn\/en\/ir\/","url":"https:\/\/ksb.vn\/en\/ir\/","name":"IR - KSB | C\u00f4ng ty C\u1ed5 ph\u1ea7n Kho\u00e1ng s\u1ea3n v\u00e0 X\u00e2y d\u1ef1ng B\u00ecnh D\u01b0\u01a1ng","isPartOf":{"@id":"https:\/\/ksb.vn\/en\/#website"},"datePublished":"2017-01-16T03:54:04+00:00","dateModified":"2022-12-27T06:50:46+00:00","breadcrumb":{"@id":"https:\/\/ksb.vn\/en\/ir\/#breadcrumb"},"inLanguage":"en-US","potentialAction":[{"@type":"ReadAction","target":["https:\/\/ksb.vn\/en\/ir\/"]}]},{"@type":"BreadcrumbList","@id":"https:\/\/ksb.vn\/en\/ir\/#breadcrumb","itemListElement":[{"@type":"ListItem","position":1,"name":"Home","item":"https:\/\/ksb.vn\/en\/"},{"@type":"ListItem","position":2,"name":"IR"}]},{"@type":"WebSite","@id":"https:\/\/ksb.vn\/en\/#website","url":"https:\/\/ksb.vn\/en\/","name":"KSB | C\u00f4ng ty C\u1ed5 ph\u1ea7n Kho\u00e1ng s\u1ea3n v\u00e0 X\u00e2y d\u1ef1ng B\u00ecnh D\u01b0\u01a1ng","description":"Nh\u00e0 cung c\u1ea5p \u0111\u00e1 x\u00e2y d\u1ef1ng h\u00e0ng \u0111\u1ea7u \u0110\u00f4ng Nam B\u1ed9","publisher":{"@id":"https:\/\/ksb.vn\/en\/#organization"},"potentialAction":[{"@type":"SearchAction","target":{"@type":"EntryPoint","urlTemplate":"https:\/\/ksb.vn\/en\/?s={search_term_string}"},"query-input":"required name=search_term_string"}],"inLanguage":"en-US"},{"@type":"Organization","@id":"https:\/\/ksb.vn\/en\/#organization","name":"KSB | C\u00f4ng ty C\u1ed5 ph\u1ea7n Kho\u00e1ng s\u1ea3n v\u00e0 X\u00e2y d\u1ef1ng B\u00ecnh D\u01b0\u01a1ng","url":"https:\/\/ksb.vn\/en\/","logo":{"@type":"ImageObject","inLanguage":"en-US","@id":"https:\/\/ksb.vn\/en\/#\/schema\/logo\/image\/","url":"https:\/\/ksb.vn\/wp-content\/uploads\/2025\/05\/cropped-bimico-logo-2025.png?wsr","contentUrl":"https:\/\/ksb.vn\/wp-content\/uploads\/2025\/05\/cropped-bimico-logo-2025.png?wsr","width":418,"height":238,"caption":"KSB | C\u00f4ng ty C\u1ed5 ph\u1ea7n Kho\u00e1ng s\u1ea3n v\u00e0 X\u00e2y d\u1ef1ng B\u00ecnh D\u01b0\u01a1ng"},"image":{"@id":"https:\/\/ksb.vn\/en\/#\/schema\/logo\/image\/"}}]}},"_links":{"self":[{"href":"https:\/\/ksb.vn\/en\/wp-json\/wp\/v2\/pages\/7393"}],"collection":[{"href":"https:\/\/ksb.vn\/en\/wp-json\/wp\/v2\/pages"}],"about":[{"href":"https:\/\/ksb.vn\/en\/wp-json\/wp\/v2\/types\/page"}],"author":[{"embeddable":true,"href":"https:\/\/ksb.vn\/en\/wp-json\/wp\/v2\/users\/566"}],"replies":[{"embeddable":true,"href":"https:\/\/ksb.vn\/en\/wp-json\/wp\/v2\/comments?post=7393"}],"version-history":[{"count":3,"href":"https:\/\/ksb.vn\/en\/wp-json\/wp\/v2\/pages\/7393\/revisions"}],"predecessor-version":[{"id":10237,"href":"https:\/\/ksb.vn\/en\/wp-json\/wp\/v2\/pages\/7393\/revisions\/10237"}],"wp:attachment":[{"href":"https:\/\/ksb.vn\/en\/wp-json\/wp\/v2\/media?parent=7393"}],"curies":[{"name":"wp","href":"https:\/\/api.w.org\/{rel}","templated":true}]}}