{"id":7394,"date":"2017-01-03T04:41:34","date_gmt":"2017-01-02T21:41:34","guid":{"rendered":"https:\/\/bimico.com.vn\/gioi-thieu\/"},"modified":"2022-11-24T14:44:10","modified_gmt":"2022-11-24T07:44:10","slug":"introduction","status":"publish","type":"page","link":"https:\/\/ksb.vn\/en\/introduction\/","title":{"rendered":"Introduction"},"content":{"rendered":"<p>C\u00f4ng Ty C\u1ed5 Ph\u1ea7n Kho\u00e1ng S\u1ea3n v\u00e0 X\u00e2y D\u1ef1ng B\u00ecnh D\u01b0\u01a1ng ( BIMICO ) ti\u1ec1n th\u00e2n l\u00e0 doanh nghi\u1ec7p nh\u00e0 n\u01b0\u1edbc \u0111\u01b0\u1ee3c th\u00e0nh l\u1eadp n\u0103m 1993.<\/p>\n<p>L\u0129nh v\u1ef1c ho\u1ea1t \u0111\u1ed9ng v\u00e0 ngh\u00e0nh ngh\u1ec1 kinh doanh:<\/p>\n<ul>\n<li>Th\u0103m d\u00f2, khai th\u00e1c, ch\u1ebf bi\u1ebfn kho\u00e1ng s\u1ea3n (phi kim lo\u1ea1i);<\/li>\n<li>S\u1ea3n xu\u1ea5t v\u1eadt li\u1ec7u x\u00e2y d\u1ef1ng, b\u00ea t\u00f4ng \u0111\u00fac s\u1eb5n, c\u00e1c lo\u1ea1i th\u00e9p h\u00ecnh;<\/li>\n<li>X\u00e2y d\u1ef1ng c\u01a1 s\u1edf h\u1ea1 t\u1ea7ng k\u1ef9 thu\u1eadt ng\u00e0nh khai th\u00e1c m\u1ecf l\u1ed9 thi\u00ean (phi kim lo\u1ea1i), \u0111\u01b0\u1eddng giao th\u00f4ng;<\/li>\n<li>X\u00e2y d\u1ef1ng c\u01a1 s\u1edf h\u1ea1 t\u1ea7ng kinh doanh B\u1ea5t \u0111\u1ed9ng s\u1ea3n (Khu C\u00f4ng nghi\u1ec7p, Khu d\u00e2n c\u01b0);<\/li>\n<li>S\u1ea3n xu\u1ea5t n\u01b0\u1edbc u\u1ed1ng tinh khi\u1ebft \u0111\u00f3ng chai BIMICO;<\/li>\n<li>Kinh doanh v\u1eadn t\u1ea3i, b\u1ebfn th\u1ee7y n\u1ed9i \u0111\u1ecba;<\/li>\n<li>Kinh doanh d\u1ecbch v\u1ee5: H\u1ed9i ngh\u1ecb, Nh\u00e0 h\u00e0ng ti\u1ec7c c\u01b0\u1edbi v\u00e0 c\u00e1c s\u1ef1 ki\u1ec7n, cho thu\u00ea nh\u00e0 x\u01b0\u1edfng, nh\u00e0 \u1edf, m\u1eb7t b\u1eb1ng, x\u1eed l\u00fd n\u01b0\u1edbc th\u1ea3i,&#8230;<\/li>\n<\/ul>\n<p>Qu\u00e1 tr\u00ecnh \u0111\u1ea7u t\u01b0 ph\u00e1t tri\u1ec3n v\u00e0 t\u1ed5 ch\u1ee9c ho\u1ea1t \u0111\u1ed9ng s\u1ea3n xu\u1ea5t kinh doanh nhi\u1ec1u n\u0103m qua \u0111\u01b0\u1ee3c s\u1ef1 h\u1ee3p t\u00e1c h\u1ed7 tr\u1ee3 c\u1ee7a kh\u00e1ch h\u00e0ng, c\u00f4ng ty lu\u00f4n gi\u1eef \u0111\u01b0\u1ee3c s\u1ef1 \u1ed5n \u0111\u1ecbnh v\u00e0 t\u0103ng tr\u01b0\u1edfng, v\u1edbi \u0111\u1ed9i ng\u0169 c\u00e1n b\u1ed9 c\u00f4ng nh\u00e2n lao \u0111\u1ed9ng c\u00f3 k\u1ef9 n\u0103ng, kinh nghi\u1ec7m, \u0111\u1ee7 \u0111i\u1ec1u ki\u1ec7n \u0111\u1ec3 ph\u1ee5c v\u1ee5 v\u00e0 \u0111\u00e1p \u1ee9ng y\u00eau c\u1ea7u c\u1ee7a kh\u00e1ch h\u00e0ng ng\u00e0y m\u1ed9t t\u1ed1t h\u01a1n. Lu\u00f4n lu\u00f4n mong mu\u1ed1n v\u00e0 s\u1eb5n s\u00e0ng h\u1ee3p t\u00e1c tr\u00ean t\u1ea5t c\u1ea3 c\u00e1c ho\u1ea1t \u0111\u1ed9ng c\u1ee7a c\u00f4ng ty v\u1edbi ph\u01b0\u01a1ng ch\u00e2m &#8220;ch\u1ea5t l\u01b0\u1ee3ng, hi\u1ec7u qu\u1ea3 v\u00e0 c\u00f9ng c\u00f3 l\u1ee3i&#8221;. R\u1ea5t mong \u0111\u01b0\u1ee3c s\u1ef1 \u1ee7ng h\u1ed9 c\u1ee7a Qu\u00ed kh\u00e1ch h\u00e0ng.<\/p>\n<p>&nbsp;<\/p>\n<table width=\"648\">\n<tbody>\n<tr>\n<td width=\"169\"><strong>\u0110\u1ecba ch\u1ec9 v\u0103n ph\u00f2ng c\u00f4ng ty <\/strong><\/td>\n<td width=\"479\"><strong>:<\/strong> \u0110\u1ea1i l\u1ed9 B\u00ecnh D\u01b0\u01a1ng, KP.H\u00f2a L\u00e2n I, P.Thu\u1eadn Giao, TX.Thu\u1eadn An, BD<\/td>\n<\/tr>\n<tr>\n<td width=\"169\"><strong>\u0110i\u1ec7n tho\u1ea1i <\/strong><\/td>\n<td width=\"479\"><strong>: <\/strong>0274.3822602\u00a0\u00a0 &#8211;\u00a0 0274.3717069 &#8211; 0274.3717070<\/td>\n<\/tr>\n<tr>\n<td width=\"169\"><strong>Fax\u00a0\u00a0\u00a0\u00a0\u00a0\u00a0\u00a0\u00a0\u00a0\u00a0\u00a0\u00a0 <\/strong><\/td>\n<td width=\"479\"><strong>:<\/strong> 0274.3823922<\/td>\n<\/tr>\n<tr>\n<td width=\"169\"><strong>Email\u00a0\u00a0\u00a0\u00a0\u00a0\u00a0\u00a0\u00a0 <\/strong><\/td>\n<td width=\"479\"><strong>: <\/strong>info@ksb.vn<\/td>\n<\/tr>\n<tr>\n<td width=\"169\"><strong>website\u00a0\u00a0\u00a0\u00a0 <\/strong><\/td>\n<td width=\"479\"><strong>: <\/strong>www.ksb.vn<\/td>\n<\/tr>\n<\/tbody>\n<\/table>\n<p>Binh Duong Mineral and Construction Joint Stock Company (BIMICO) was formerly a state-owned enterprise established in 1993. In 2006, the Company was equitized and the state holds dominant shares. After 3 times of charter capital increase, starting from 70 billion vn\u0111, the company&#8217;s charter capital is now 234 billion vn\u0111. In 2016, the state divested, shareholders included: Employees, strategic investors and outside shareholders.<\/p>\n<p><b>Our Business:<\/b><\/p>\n<p><span style=\"font-weight: 400;\">Exploration, mining and processing of minerals (non-metal);<\/span><\/p>\n<p><span style=\"font-weight: 400;\">Production of construction materials, prefabricated concrete, various shaped steel;<\/span><\/p>\n<p><span style=\"font-weight: 400;\">Construction of technical infrastructure of open-cast mining (non-metal), roads;<\/span><\/p>\n<p><span style=\"font-weight: 400;\">Construction of real estate business infrastructure (industrial zones, residential areas);<\/span><\/p>\n<p><span style=\"font-weight: 400;\">Manufacture BIMICO bottled pure spring water;<\/span><\/p>\n<p><span style=\"font-weight: 400;\">Transportation business, inland waterway;<\/span><\/p>\n<p><span style=\"font-weight: 400;\">Business services: conferences, restaurants, wedding receptions and events, rental of factories, houses, premises, waste water treatment, &#8230;<\/span><\/p>\n<p><span style=\"font-weight: 400;\">The process of investment development and organization of production and business activities for many years is supported by the cooperation of customers, the company always keep the stability and growth, with skillful, experienced and qualified workforce to serve and meet the customers\u2019 requirements. We are always looking for and willing to cooperate on all activities of the Company with the &#8220;quality, efficiency and benefits both&#8221; fundamental principle. We look forward to valued customers\u2019 support.<\/span><\/p>\n<p>&nbsp;<\/p>\n<table width=\"648\">\n<tbody>\n<tr>\n<td width=\"169\">Company Address<\/td>\n<td width=\"479\"><strong>:<\/strong> <span style=\"font-weight: 400;\">Nguyen Thi Minh Khai Street, Hoa Lan 1 Ward, Thuan Giao Town, Thuan An Town, Binh Duong Province.<\/span><\/td>\n<\/tr>\n<tr>\n<td width=\"169\"><b>Telephone<\/b><\/td>\n<td width=\"479\"><strong>: <\/strong>0274.3822602\u00a0\u00a0 &#8211;\u00a0 0274.3717069 &#8211; 0274.3717070<\/td>\n<\/tr>\n<tr>\n<td width=\"169\"><strong>Fax\u00a0\u00a0\u00a0\u00a0\u00a0\u00a0\u00a0\u00a0\u00a0\u00a0\u00a0\u00a0 <\/strong><\/td>\n<td width=\"479\"><strong>:<\/strong> 0274.3823922<\/td>\n<\/tr>\n<tr>\n<td width=\"169\"><strong>Email\u00a0\u00a0\u00a0\u00a0\u00a0\u00a0\u00a0\u00a0 <\/strong><\/td>\n<td width=\"479\"><strong>: <\/strong>infor@ksb.vn<\/td>\n<\/tr>\n<tr>\n<td width=\"169\"><strong>website\u00a0\u00a0\u00a0\u00a0 <\/strong><\/td>\n<td width=\"479\"><strong>: <\/strong>www.ksb.vn<\/td>\n<\/tr>\n<\/tbody>\n<\/table>\n","protected":false},"excerpt":{"rendered":"<p>C\u00f4ng Ty C\u1ed5 Ph\u1ea7n Kho\u00e1ng S\u1ea3n v\u00e0 X\u00e2y D\u1ef1ng B\u00ecnh D\u01b0\u01a1ng ( BIMICO ) ti\u1ec1n th\u00e2n l\u00e0 doanh nghi\u1ec7p nh\u00e0 n\u01b0\u1edbc \u0111\u01b0\u1ee3c th\u00e0nh l\u1eadp n\u0103m&#8230;<\/p>\n","protected":false},"author":566,"featured_media":9311,"parent":0,"menu_order":10,"comment_status":"closed","ping_status":"closed","template":"templates\/page-about.php","meta":{"inline_featured_image":false},"acf":[],"yoast_head":"<!-- This site is optimized with the Yoast SEO plugin v20.4 - https:\/\/yoast.com\/wordpress\/plugins\/seo\/ -->\n<title>Introduction - KSB | C\u00f4ng ty C\u1ed5 ph\u1ea7n Kho\u00e1ng s\u1ea3n v\u00e0 X\u00e2y d\u1ef1ng B\u00ecnh D\u01b0\u01a1ng<\/title>\n<meta name=\"robots\" content=\"index, follow, max-snippet:-1, max-image-preview:large, max-video-preview:-1\" \/>\n<link rel=\"canonical\" href=\"https:\/\/ksb.vn\/en\/introduction\/\" \/>\n<meta property=\"og:locale\" content=\"en_US\" \/>\n<meta property=\"og:type\" content=\"article\" \/>\n<meta property=\"og:title\" content=\"Introduction - KSB | C\u00f4ng ty C\u1ed5 ph\u1ea7n Kho\u00e1ng s\u1ea3n v\u00e0 X\u00e2y d\u1ef1ng B\u00ecnh D\u01b0\u01a1ng\" \/>\n<meta property=\"og:description\" content=\"C\u00f4ng Ty C\u1ed5 Ph\u1ea7n Kho\u00e1ng S\u1ea3n v\u00e0 X\u00e2y D\u1ef1ng B\u00ecnh D\u01b0\u01a1ng ( BIMICO ) ti\u1ec1n th\u00e2n l\u00e0 doanh nghi\u1ec7p nh\u00e0 n\u01b0\u1edbc \u0111\u01b0\u1ee3c th\u00e0nh l\u1eadp n\u0103m...\" \/>\n<meta property=\"og:url\" content=\"https:\/\/ksb.vn\/en\/introduction\/\" \/>\n<meta property=\"og:site_name\" content=\"KSB | C\u00f4ng ty C\u1ed5 ph\u1ea7n Kho\u00e1ng s\u1ea3n v\u00e0 X\u00e2y d\u1ef1ng B\u00ecnh D\u01b0\u01a1ng\" \/>\n<meta property=\"article:modified_time\" content=\"2022-11-24T07:44:10+00:00\" \/>\n<meta property=\"og:image\" content=\"https:\/\/ksb.vn\/wp-content\/uploads\/2022\/08\/Lien-he_1300x535px.jpg\" \/>\n\t<meta property=\"og:image:width\" content=\"1300\" \/>\n\t<meta property=\"og:image:height\" content=\"535\" \/>\n\t<meta property=\"og:image:type\" content=\"image\/jpeg\" \/>\n<meta name=\"twitter:card\" content=\"summary_large_image\" \/>\n<meta name=\"twitter:label1\" content=\"Est. reading time\" \/>\n\t<meta name=\"twitter:data1\" content=\"3 minutes\" \/>\n<script type=\"application\/ld+json\" class=\"yoast-schema-graph\">{\"@context\":\"https:\/\/schema.org\",\"@graph\":[{\"@type\":\"WebPage\",\"@id\":\"https:\/\/ksb.vn\/en\/introduction\/\",\"url\":\"https:\/\/ksb.vn\/en\/introduction\/\",\"name\":\"Introduction - KSB | C\u00f4ng ty C\u1ed5 ph\u1ea7n Kho\u00e1ng s\u1ea3n v\u00e0 X\u00e2y d\u1ef1ng B\u00ecnh D\u01b0\u01a1ng\",\"isPartOf\":{\"@id\":\"https:\/\/ksb.vn\/en\/#website\"},\"datePublished\":\"2017-01-02T21:41:34+00:00\",\"dateModified\":\"2022-11-24T07:44:10+00:00\",\"breadcrumb\":{\"@id\":\"https:\/\/ksb.vn\/en\/introduction\/#breadcrumb\"},\"inLanguage\":\"en-US\",\"potentialAction\":[{\"@type\":\"ReadAction\",\"target\":[\"https:\/\/ksb.vn\/en\/introduction\/\"]}]},{\"@type\":\"BreadcrumbList\",\"@id\":\"https:\/\/ksb.vn\/en\/introduction\/#breadcrumb\",\"itemListElement\":[{\"@type\":\"ListItem\",\"position\":1,\"name\":\"Home\",\"item\":\"https:\/\/ksb.vn\/en\/\"},{\"@type\":\"ListItem\",\"position\":2,\"name\":\"Introduction\"}]},{\"@type\":\"WebSite\",\"@id\":\"https:\/\/ksb.vn\/en\/#website\",\"url\":\"https:\/\/ksb.vn\/en\/\",\"name\":\"KSB | C\u00f4ng ty C\u1ed5 ph\u1ea7n Kho\u00e1ng s\u1ea3n v\u00e0 X\u00e2y d\u1ef1ng B\u00ecnh D\u01b0\u01a1ng\",\"description\":\"Nh\u00e0 cung c\u1ea5p \u0111\u00e1 x\u00e2y d\u1ef1ng h\u00e0ng \u0111\u1ea7u \u0110\u00f4ng Nam B\u1ed9\",\"publisher\":{\"@id\":\"https:\/\/ksb.vn\/en\/#organization\"},\"potentialAction\":[{\"@type\":\"SearchAction\",\"target\":{\"@type\":\"EntryPoint\",\"urlTemplate\":\"https:\/\/ksb.vn\/en\/?s={search_term_string}\"},\"query-input\":\"required name=search_term_string\"}],\"inLanguage\":\"en-US\"},{\"@type\":\"Organization\",\"@id\":\"https:\/\/ksb.vn\/en\/#organization\",\"name\":\"KSB | C\u00f4ng ty C\u1ed5 ph\u1ea7n Kho\u00e1ng s\u1ea3n v\u00e0 X\u00e2y d\u1ef1ng B\u00ecnh D\u01b0\u01a1ng\",\"url\":\"https:\/\/ksb.vn\/en\/\",\"logo\":{\"@type\":\"ImageObject\",\"inLanguage\":\"en-US\",\"@id\":\"https:\/\/ksb.vn\/en\/#\/schema\/logo\/image\/\",\"url\":\"https:\/\/ksb.vn\/wp-content\/uploads\/2025\/05\/cropped-bimico-logo-2025.png?wsr\",\"contentUrl\":\"https:\/\/ksb.vn\/wp-content\/uploads\/2025\/05\/cropped-bimico-logo-2025.png?wsr\",\"width\":418,\"height\":238,\"caption\":\"KSB | C\u00f4ng ty C\u1ed5 ph\u1ea7n Kho\u00e1ng s\u1ea3n v\u00e0 X\u00e2y d\u1ef1ng B\u00ecnh D\u01b0\u01a1ng\"},\"image\":{\"@id\":\"https:\/\/ksb.vn\/en\/#\/schema\/logo\/image\/\"}}]}<\/script>\n<!-- \/ Yoast SEO plugin. -->","yoast_head_json":{"title":"Introduction - KSB | C\u00f4ng ty C\u1ed5 ph\u1ea7n Kho\u00e1ng s\u1ea3n v\u00e0 X\u00e2y d\u1ef1ng B\u00ecnh D\u01b0\u01a1ng","robots":{"index":"index","follow":"follow","max-snippet":"max-snippet:-1","max-image-preview":"max-image-preview:large","max-video-preview":"max-video-preview:-1"},"canonical":"https:\/\/ksb.vn\/en\/introduction\/","og_locale":"en_US","og_type":"article","og_title":"Introduction - KSB | C\u00f4ng ty C\u1ed5 ph\u1ea7n Kho\u00e1ng s\u1ea3n v\u00e0 X\u00e2y d\u1ef1ng B\u00ecnh D\u01b0\u01a1ng","og_description":"C\u00f4ng Ty C\u1ed5 Ph\u1ea7n Kho\u00e1ng S\u1ea3n v\u00e0 X\u00e2y D\u1ef1ng B\u00ecnh D\u01b0\u01a1ng ( BIMICO ) ti\u1ec1n th\u00e2n l\u00e0 doanh nghi\u1ec7p nh\u00e0 n\u01b0\u1edbc \u0111\u01b0\u1ee3c th\u00e0nh l\u1eadp n\u0103m...","og_url":"https:\/\/ksb.vn\/en\/introduction\/","og_site_name":"KSB | C\u00f4ng ty C\u1ed5 ph\u1ea7n Kho\u00e1ng s\u1ea3n v\u00e0 X\u00e2y d\u1ef1ng B\u00ecnh D\u01b0\u01a1ng","article_modified_time":"2022-11-24T07:44:10+00:00","og_image":[{"width":1300,"height":535,"url":"https:\/\/ksb.vn\/wp-content\/uploads\/2022\/08\/Lien-he_1300x535px.jpg","type":"image\/jpeg"}],"twitter_card":"summary_large_image","twitter_misc":{"Est. reading time":"3 minutes"},"schema":{"@context":"https:\/\/schema.org","@graph":[{"@type":"WebPage","@id":"https:\/\/ksb.vn\/en\/introduction\/","url":"https:\/\/ksb.vn\/en\/introduction\/","name":"Introduction - KSB | C\u00f4ng ty C\u1ed5 ph\u1ea7n Kho\u00e1ng s\u1ea3n v\u00e0 X\u00e2y d\u1ef1ng B\u00ecnh D\u01b0\u01a1ng","isPartOf":{"@id":"https:\/\/ksb.vn\/en\/#website"},"datePublished":"2017-01-02T21:41:34+00:00","dateModified":"2022-11-24T07:44:10+00:00","breadcrumb":{"@id":"https:\/\/ksb.vn\/en\/introduction\/#breadcrumb"},"inLanguage":"en-US","potentialAction":[{"@type":"ReadAction","target":["https:\/\/ksb.vn\/en\/introduction\/"]}]},{"@type":"BreadcrumbList","@id":"https:\/\/ksb.vn\/en\/introduction\/#breadcrumb","itemListElement":[{"@type":"ListItem","position":1,"name":"Home","item":"https:\/\/ksb.vn\/en\/"},{"@type":"ListItem","position":2,"name":"Introduction"}]},{"@type":"WebSite","@id":"https:\/\/ksb.vn\/en\/#website","url":"https:\/\/ksb.vn\/en\/","name":"KSB | C\u00f4ng ty C\u1ed5 ph\u1ea7n Kho\u00e1ng s\u1ea3n v\u00e0 X\u00e2y d\u1ef1ng B\u00ecnh D\u01b0\u01a1ng","description":"Nh\u00e0 cung c\u1ea5p \u0111\u00e1 x\u00e2y d\u1ef1ng h\u00e0ng \u0111\u1ea7u \u0110\u00f4ng Nam B\u1ed9","publisher":{"@id":"https:\/\/ksb.vn\/en\/#organization"},"potentialAction":[{"@type":"SearchAction","target":{"@type":"EntryPoint","urlTemplate":"https:\/\/ksb.vn\/en\/?s={search_term_string}"},"query-input":"required name=search_term_string"}],"inLanguage":"en-US"},{"@type":"Organization","@id":"https:\/\/ksb.vn\/en\/#organization","name":"KSB | C\u00f4ng ty C\u1ed5 ph\u1ea7n Kho\u00e1ng s\u1ea3n v\u00e0 X\u00e2y d\u1ef1ng B\u00ecnh D\u01b0\u01a1ng","url":"https:\/\/ksb.vn\/en\/","logo":{"@type":"ImageObject","inLanguage":"en-US","@id":"https:\/\/ksb.vn\/en\/#\/schema\/logo\/image\/","url":"https:\/\/ksb.vn\/wp-content\/uploads\/2025\/05\/cropped-bimico-logo-2025.png?wsr","contentUrl":"https:\/\/ksb.vn\/wp-content\/uploads\/2025\/05\/cropped-bimico-logo-2025.png?wsr","width":418,"height":238,"caption":"KSB | C\u00f4ng ty C\u1ed5 ph\u1ea7n Kho\u00e1ng s\u1ea3n v\u00e0 X\u00e2y d\u1ef1ng B\u00ecnh D\u01b0\u01a1ng"},"image":{"@id":"https:\/\/ksb.vn\/en\/#\/schema\/logo\/image\/"}}]}},"_links":{"self":[{"href":"https:\/\/ksb.vn\/en\/wp-json\/wp\/v2\/pages\/7394"}],"collection":[{"href":"https:\/\/ksb.vn\/en\/wp-json\/wp\/v2\/pages"}],"about":[{"href":"https:\/\/ksb.vn\/en\/wp-json\/wp\/v2\/types\/page"}],"author":[{"embeddable":true,"href":"https:\/\/ksb.vn\/en\/wp-json\/wp\/v2\/users\/566"}],"replies":[{"embeddable":true,"href":"https:\/\/ksb.vn\/en\/wp-json\/wp\/v2\/comments?post=7394"}],"version-history":[{"count":18,"href":"https:\/\/ksb.vn\/en\/wp-json\/wp\/v2\/pages\/7394\/revisions"}],"predecessor-version":[{"id":10067,"href":"https:\/\/ksb.vn\/en\/wp-json\/wp\/v2\/pages\/7394\/revisions\/10067"}],"wp:featuredmedia":[{"embeddable":true,"href":"https:\/\/ksb.vn\/en\/wp-json\/wp\/v2\/media\/9311"}],"wp:attachment":[{"href":"https:\/\/ksb.vn\/en\/wp-json\/wp\/v2\/media?parent=7394"}],"curies":[{"name":"wp","href":"https:\/\/api.w.org\/{rel}","templated":true}]}}